{"id":3422,"date":"2023-09-07T15:46:09","date_gmt":"2023-09-07T15:46:09","guid":{"rendered":"https:\/\/algemenerekenkamercuracao.cw\/?page_id=3422"},"modified":"2024-02-19T09:01:40","modified_gmt":"2024-02-19T13:01:40","slug":"senior-onderzoeker","status":"publish","type":"page","link":"https:\/\/algemenerekenkamercuracao.cw\/pap\/vacatures\/senior-onderzoeker\/","title":{"rendered":"Investigad\u00f3 Senior"},"content":{"rendered":"<p><section data-bb-version=\"4.6.1\" id=\"bt_bb_section69f06e9792780\" class=\"bt_bb_section bt_bb_color_scheme_6 bt_bb_layout_boxed_1200 bt_bb_vertical_align_middle bt_bb_top_spacing_normal bt_bb_bottom_spacing_normal\" style=\"; --section-primary-color:#ffffff; --section-secondary-color:#295a88;;background-color:rgb(128,173,70);\" data-bt-override-class=\"{&quot;bt_bb_top_spacing_&quot;:{&quot;current_class&quot;:&quot;bt_bb_top_spacing_normal&quot;,&quot;def&quot;:&quot;normal&quot;},&quot;bt_bb_bottom_spacing_&quot;:{&quot;current_class&quot;:&quot;bt_bb_bottom_spacing_normal&quot;,&quot;def&quot;:&quot;normal&quot;}}\"><div class=\"bt_bb_port\"><div class=\"bt_bb_cell\"><div class=\"bt_bb_cell_inner\"><div class=\"bt_bb_row\"  data-bt-override-class=\"{}\"><div class=\"bt_bb_row_holder\" ><div data-bb-version=\"4.6.1\"  class=\"bt_bb_column col-xxl-12 col-xl-12 col-xs-12 col-sm-12 col-md-12 col-lg-12 bt_bb_vertical_align_middle bt_bb_align_center bt_bb_padding_normal\" style=\"; --column-width:12;\" data-width=\"12\" data-bt-override-class=\"{&quot;bt_bb_align_&quot;:{&quot;current_class&quot;:&quot;bt_bb_align_center&quot;,&quot;def&quot;:&quot;center&quot;},&quot;bt_bb_padding_&quot;:{&quot;current_class&quot;:&quot;bt_bb_padding_normal&quot;,&quot;def&quot;:&quot;normal&quot;}}\"><div class=\"bt_bb_column_content\"><div class=\"bt_bb_column_content_inner\"><div class=\"bt_bb_separator bt_bb_border_style_none bt_bb_border_color_none bt_bb_bottom_spacing_medium\" data-bt-override-class=\"null\"><\/div><header data-bb-version=\"4.6.1\" class=\"bt_bb_headline bt_bb_dash_none bt_bb_size_huge bt_bb_align_inherit\" data-bt-override-class=\"{&quot;bt_bb_size_&quot;:{&quot;current_class&quot;:&quot;bt_bb_size_huge&quot;,&quot;def&quot;:&quot;huge&quot;},&quot;bt_bb_align_&quot;:{&quot;current_class&quot;:&quot;bt_bb_align_inherit&quot;,&quot;def&quot;:&quot;inherit&quot;}}\"><h1 class=\"bt_bb_headline_tag\"><span class=\"bt_bb_headline_content\"><span>Investigad\u00f3 Senior<\/span><\/span><\/h1><\/header><div data-bb-version=\"4.6.1\" class=\"bt_bb_separator bt_bb_border_style_none bt_bb_border_color_none bt_bb_top_spacing_none bt_bb_bottom_spacing_medium\" data-bt-override-class=\"{&quot;bt_bb_top_spacing_&quot;:{&quot;current_class&quot;:&quot;bt_bb_top_spacing_none&quot;,&quot;def&quot;:&quot;none&quot;},&quot;bt_bb_bottom_spacing_&quot;:{&quot;current_class&quot;:&quot;bt_bb_bottom_spacing_medium&quot;,&quot;def&quot;:&quot;medium&quot;}}\"><\/div><\/div><\/div><\/div><\/div><\/div><\/div><!-- cell_inner --><\/div><!-- cell --><\/div><!-- port --><\/section><section data-bb-version=\"4.6.1\" id=\"bt_bb_section69f06e9792a1e\" class=\"bt_bb_section bt_bb_color_scheme_15 bt_bb_layout_boxed_1200 bt_bb_vertical_align_top bt_bb_top_spacing_large bt_bb_bottom_spacing_medium\" style=\"; --section-primary-color:#3a3a3a; --section-secondary-color:#f7f7f5;\" data-bt-override-class=\"{&quot;bt_bb_top_spacing_&quot;:{&quot;current_class&quot;:&quot;bt_bb_top_spacing_large&quot;,&quot;def&quot;:&quot;large&quot;},&quot;bt_bb_bottom_spacing_&quot;:{&quot;current_class&quot;:&quot;bt_bb_bottom_spacing_medium&quot;,&quot;def&quot;:&quot;medium&quot;}}\"><div class=\"bt_bb_port\"><div class=\"bt_bb_cell\"><div class=\"bt_bb_cell_inner\"><div class=\"bt_bb_row  bt_bb_column_gap_large\"  data-bt-override-class=\"{}\"><div class=\"bt_bb_row_holder\" ><div data-bb-version=\"4.6.1\"  class=\"bt_bb_column col-xxl-6 col-xl-6 bt_bb_vertical_align_top bt_bb_align_left bt_bb_padding_double\" style=\"; --column-width:6;\" data-width=\"6\" data-bt-override-class=\"{&quot;bt_bb_align_&quot;:{&quot;current_class&quot;:&quot;bt_bb_align_left&quot;,&quot;def&quot;:&quot;left&quot;},&quot;bt_bb_padding_&quot;:{&quot;current_class&quot;:&quot;bt_bb_padding_double&quot;,&quot;def&quot;:&quot;double&quot;}}\"><div class=\"bt_bb_column_content\"><div class=\"bt_bb_column_content_inner\"><header data-bb-version=\"4.8.0\" class=\"bt_bb_headline bt_bb_dash_none bt_bb_supertitle_style_accent bt_bb_superheadline bt_bb_subheadline bt_bb_size_large bt_bb_align_inherit\" data-bt-override-class=\"{&quot;bt_bb_size_&quot;:{&quot;current_class&quot;:&quot;bt_bb_size_large&quot;,&quot;def&quot;:&quot;large&quot;},&quot;bt_bb_align_&quot;:{&quot;current_class&quot;:&quot;bt_bb_align_inherit&quot;,&quot;def&quot;:&quot;inherit&quot;}}\"><h2 class=\"bt_bb_headline_tag\"><span class=\"bt_bb_headline_superheadline\">Vakatura<\/span><span class=\"bt_bb_headline_content\"><span>Investigad\u00f3 Senior<\/span><\/span><\/h2><div class=\"bt_bb_headline_subheadline\">Un investigad\u00f3 Senior ta realis\u00e1 diferente investigashon, asist\u00ed e Manager den koordinashon i ehekushon di investigashon, i guia investigad\u00f3nan riba tur nivel.<\/div><\/header><div data-bb-version=\"4.6.1\" class=\"bt_bb_separator bt_bb_border_style_none bt_bb_border_color_none bt_bb_top_spacing_none bt_bb_bottom_spacing_normal\" data-bt-override-class=\"{&quot;bt_bb_top_spacing_&quot;:{&quot;current_class&quot;:&quot;bt_bb_top_spacing_none&quot;,&quot;def&quot;:&quot;none&quot;},&quot;bt_bb_bottom_spacing_&quot;:{&quot;current_class&quot;:&quot;bt_bb_bottom_spacing_normal&quot;,&quot;def&quot;:&quot;normal&quot;}}\"><\/div><div data-bb-version=\"4.6.1\"  class=\"bt_bb_text\" ><\/p>\n<p><span style=\"font-weight: 400;\">Kontraloria General di K\u00f2rsou ta un Alto Kolegio di Estado. Su eksistensia ta ankr\u00e1 den Areglo di Estado di K\u00f2rsou. Den un posishon independiente, Kontraloria General di K\u00f2rsou ta hasi investigashon tokante legalidat i efisiensia di e entrada- i gastunan di Pais K\u00f2rsou, i tokante funshonamentu i integridat di gobi\u00e8rnu.<\/span><\/p>\n<p><span style=\"font-weight: 400;\">Kontraloria General di K\u00f2rsou tin un tim di profeshonal bou di guia di e Sekretario General. Na un forma \u00edntegro i responsabel, nan ta duna un aporte na realisashon di e metanan di e organisashon. Kontraloria General di K\u00f2rsou tin e outorisashon pa e mes skohe e t\u00f3pikonan di investigashon. Parlamento, kaminda Kontraloria General di K\u00f2rsou ta raport\u00e1, tambe por entreg\u00e1 t\u00f3piko pa hasi investigashon.<\/span><\/p>\n<p><span style=\"font-weight: 400;\">Kontraloria General di K\u00f2rsou ta stimul\u00e1 un kultura den kua tur funshonario\/ trahad\u00f3 ta forma parti aktivo di e organisashon i por aport\u00e1 nan talentonan \u00faniko. Un ambiente di trabou humano i un bon balansa di trabou-bida tambe ta elementonan importante di nos kultura.\u00a0<\/span><\/p>\n<p><span style=\"font-weight: 400;\">Nos ta konvens\u00ed ku un diversidat na perspektiva, eksperensia i konosementu lo permit\u00ed nos bira aun mih\u00f3 komo organisashon. Kontraloria General di K\u00f2rsou ta buskando personanan en\u00e9rgiko i ku ambishon pa yuda e instituto den su reto pa w\u00f2rdu transform\u00e1 den un organisashon modelo. E st\u00e1ndart i guianan di e Organisashon Internashonal di Kontralorianan (International Organization of Supreme Audit Institutions (INTOSAI) ta sirbi komo guia.<\/span><\/p>\n<h6><strong>Kontenido di funshon:<\/strong><\/h6>\n<p>E investigad\u00f3 Senior ta realis\u00e1 e siguiente trabounan:<\/p>\n<ul>\n<li>Sigui desaroyo eksterno i partisip\u00e1 susesonan partikular\/spes\u00edfiko di importansia pa e trabou di Kontraloria General K\u00f2rsou na e Manager di investigashon i e lider di sektor.<\/li>\n<li>Formul\u00e1 plan di investigashon riba e relato anual, kontrol\u00e1 relato anual i raport\u00e1 e resultadonan.<\/li>\n<li>Prepar\u00e1 investigashon di legalidat i efisiensia, traha proposishon pa investigashon i programa di trabou i ehekut\u00e1 esakinan.<\/li>\n<li>Prepar\u00e1, bou di guia, otro investigashonnan komplik\u00e1, ehekut\u00e1 esakinan i traha rap\u00f2rt kompleho di investigashon.<\/li>\n<li>Bou di guia, traha plan pa investigashon na bienestar di investigashonnan di integridat.<\/li>\n<li>Kondus\u00ed diskushon di progreso ku e Manager di investigashon i e lider di sektor riba diferente investigashon.<\/li>\n<li>Partisip\u00e1 aktivamente na deliberashon i grupo di trabou interno.<\/li>\n<\/ul>\n<h6><strong>Abilidatnan prinsipal:<\/strong><\/h6>\n<ul>\n<li>Atenshon pa kliente (interno i eksterno).<\/li>\n<li>Profeshonal, responsabel, kouteloso i ta aspir\u00e1 kalidat.<\/li>\n<li>Traha den kolaborashon i den tim.<\/li>\n<li>Aktitut kr\u00edtiko, ophetivo i dirig\u00ed riba resultado.<\/li>\n<li>\u00cdntegro, transparente i prudente ku informashon konfidensial.<\/li>\n<li>Kondukta ehemplar.<\/li>\n<li>Atend\u00e9 esnan konsern\u00ed efektivamente.<\/li>\n<\/ul>\n<h6><strong>Eksigensianan di funshon:<\/strong><\/h6>\n<ul>\n<li>Edukashon sient\u00edfiko, Register Accountant ku 3 a\u00f1a di eksperensia relevante.<\/li>\n<li>CPA ku 3 a\u00f1a di eksperensia relevante.<\/li>\n<li>Edukashon sient\u00edfiko relevante ku 3 a\u00f1a di eksperensia relevante.<\/li>\n<li>Edukashon post-doktoral ku 3 a\u00f1a di eksperensia.<\/li>\n<\/ul>\n<p>\n<\/div><\/div><\/div><\/div><div data-bb-version=\"4.6.1\"  class=\"bt_bb_column col-xxl-6 col-xl-6 bt_bb_vertical_align_top bt_bb_align_left bt_bb_padding_normal\" style=\"; --column-width:6;\" data-width=\"6\" data-bt-override-class=\"{&quot;bt_bb_align_&quot;:{&quot;current_class&quot;:&quot;bt_bb_align_left&quot;,&quot;def&quot;:&quot;left&quot;},&quot;bt_bb_padding_&quot;:{&quot;current_class&quot;:&quot;bt_bb_padding_normal&quot;,&quot;def&quot;:&quot;normal&quot;}}\"><div class=\"bt_bb_column_content\"><div class=\"bt_bb_column_content_inner\"><div data-bb-version=\"4.6.1\" class=\"bt_bb_accordion bt_bb_style_filled bt_bb_shape_square\" data-closed=\"closed\"><div class=\"bt_bb_accordion_item\"><div class=\"bt_bb_accordion_item_top\"><div class=\"bt_bb_accordion_item_title\">Kriterionan di solisitut<\/div><\/div><div class=\"bt_bb_accordion_item_content\"><div data-bb-version=\"4.6.1\"  class=\"bt_bb_text\" >\n<h6 class=\"head\"><strong>Pa e funshonnan ariba menshon\u00e1, e solisitante mester kumpli ku e siguiente kriterionan:<\/strong><\/h6>\n<div class=\"body\">\n<ul>\n<li>Komprondementu di e konteksto  gubernamental i di komunidat;<\/li>\n<li>Konosementu den e \u00e1rea di pol\u00edtika i gobernashon;<\/li>\n<li>Komprondementu di e organisashon di maneho p\u00fabliko (instituto, funshonamentu i desaroyonan aktual) i konosementu di finansa p\u00fabliko;<\/li>\n<li>Afinidat ku IT i an\u00e1lisis di datonan;<\/li>\n<li>Ekselente abilidat pa komunik\u00e1 tantu verbal komo por eskrito na Hulandes;<\/li>\n<li>Ekselente abilidat pa komunik\u00e1 na Papiamentu ta un bentaha. Ekselente abilidat pa komunik\u00e1 na Papiamentu ta un prioridat;<\/li>\n<li>\u00c1bil den skirbimentu di rap\u00f2rt;<\/li>\n<li>Abilidat den aplikashonnan di MS Office;<\/li>\n<li>Dominio di idioma spa\u00f1\u00f3 ta un bentaha.<\/li>\n<\/ul>\n<p>Ademas, esnan interes\u00e1 mester ta responsabel, \u00edntegro, por bon ku str\u00e8s, presis, representativo i proaktivo.<\/p>\n<h6><strong>Kondishonnan di trabou i informashon<\/strong><\/h6>\n<ul>\n<li>Salario ta mar\u00e1 na nivel di ense\u00f1ansa i eksperensia;<\/li>\n<li>Seguro di penshun den fondo di penshun general K\u00f2rsou;<\/li>\n<li>Seguro b\u00e1siko kontra malesa (plus);<\/li>\n<li>Kondishonnan laboral sekundario konforme e reglamentu di personal di Kontraloria General di K\u00f2rsou;<\/li>\n<\/ul>\n<p>Si ta dese\u00e1 mas informashon riba un di e vakaturanan, por tuma kontakto ku gerente di kapital humano na number di telef\u00f2n: <strong>(+599 9) 461 1080, ekstenshon: 138.<\/strong>.<\/p>\n<p>Bo ta un kandidato apto? Nos ta invit\u00e1 bo pa mail nos bo solisitut kompa\u00f1\u00e1 pa un karta di motivashon i bo kur\u00edkulo na: <a href=\"mailto:vacature@arc.cw\">vacature@arc.cw<\/a><br \/>\nUn saminashon m\u00e9diko, investigashon di antesedentei un evaluashon ta forma parti di e prosedura di selekshon.<\/p>\n<\/div>\n<\/div>\n<\/div><\/div><\/div><div data-bb-version=\"4.6.1\" class=\"bt_bb_separator bt_bb_border_style_none bt_bb_border_color_none bt_bb_top_spacing_normal bt_bb_bottom_spacing_normal\" data-bt-override-class=\"{&quot;bt_bb_top_spacing_&quot;:{&quot;current_class&quot;:&quot;bt_bb_top_spacing_normal&quot;,&quot;def&quot;:&quot;normal&quot;},&quot;bt_bb_bottom_spacing_&quot;:{&quot;current_class&quot;:&quot;bt_bb_bottom_spacing_normal&quot;,&quot;def&quot;:&quot;normal&quot;}}\"><\/div><header data-bb-version=\"4.6.1\" class=\"bt_bb_headline bt_bb_font_weight_semi-bold bt_bb_dash_none bt_bb_size_small bt_bb_align_inherit\" data-bt-override-class=\"{&quot;bt_bb_size_&quot;:{&quot;current_class&quot;:&quot;bt_bb_size_small&quot;,&quot;def&quot;:&quot;small&quot;},&quot;bt_bb_align_&quot;:{&quot;current_class&quot;:&quot;bt_bb_align_inherit&quot;,&quot;def&quot;:&quot;inherit&quot;}}\"><h3 class=\"bt_bb_headline_tag\"><span class=\"bt_bb_headline_content\"><span>Solisit\u00e1 mesora<\/span><\/span><\/h3><\/header><div class=\"bt_bb_separator bt_bb_border_style_none bt_bb_border_color_none bt_bb_bottom_spacing_small\" data-bt-override-class=\"null\"><\/div><div data-bb-version=\"4.6.1\" class=\"bt_bb_button bt_bb_color_scheme_4 bt_bb_icon_position_left bt_bb_style_outline bt_bb_size_large bt_bb_width_inline bt_bb_shape_inherit bt_bb_target_blank bt_bb_text_transform_inherit bt_bb_align_inherit btWithIcon\" style=\"; --primary-color:#295a88; --secondary-color:#ffffff;\" data-bt-override-class=\"{&quot;bt_bb_size_&quot;:{&quot;current_class&quot;:&quot;bt_bb_size_large&quot;,&quot;def&quot;:&quot;large&quot;},&quot;bt_bb_align_&quot;:{&quot;current_class&quot;:&quot;bt_bb_align_inherit&quot;,&quot;def&quot;:&quot;inherit&quot;}}\"><a href=\"https:\/\/77469.outsitetijdelijk.afas.online\/\" target=\"_blank\" class=\"bt_bb_link\" title=\"Solisit\u00e1 mesora\"><span class=\"bt_bb_button_text\" >Solisit\u00e1 mesora<\/span><span  data-ico-fontawesome=\"&#xf105;\" class=\"bt_bb_icon_holder\"><\/span><\/a><\/div><\/div><\/div><\/div><\/div><\/div><\/div><!-- cell_inner --><\/div><!-- cell --><\/div><!-- port --><\/section><\/p>","protected":false},"excerpt":{"rendered":"","protected":false},"author":1,"featured_media":0,"parent":1875,"menu_order":0,"comment_status":"closed","ping_status":"closed","template":"","meta":{"footnotes":""},"class_list":["post-3422","page","type-page","status-publish","hentry"],"yoast_head":"<!-- This site is optimized with the Yoast SEO Premium plugin v21.6 (Yoast SEO v24.1) - https:\/\/yoast.com\/wordpress\/plugins\/seo\/ -->\n<title>Senior Onderzoeker - Algemene Rekenkamer Curacao<\/title>\n<meta name=\"description\" content=\"De Senior Onderzoeker verricht diverse onderzoeken, ondersteunt de Senior Manager Onderzoek bij het co\u00f6rdineren en het begeleiden van de Onderzoekers op alle niveaus.\" \/>\n<meta name=\"robots\" content=\"index, follow, max-snippet:-1, max-image-preview:large, max-video-preview:-1\" \/>\n<link rel=\"canonical\" href=\"https:\/\/algemenerekenkamercuracao.cw\/pap\/vacatures\/senior-onderzoeker\/\" \/>\n<meta property=\"og:locale\" content=\"en_US\" \/>\n<meta property=\"og:type\" content=\"article\" \/>\n<meta property=\"og:title\" content=\"Senior Onderzoeker\" \/>\n<meta property=\"og:description\" content=\"De Senior Onderzoeker verricht diverse onderzoeken, ondersteunt de Senior Manager Onderzoek bij het co\u00f6rdineren en het begeleiden van de Onderzoekers op alle niveaus.\" \/>\n<meta property=\"og:url\" content=\"https:\/\/algemenerekenkamercuracao.cw\/pap\/vacatures\/senior-onderzoeker\/\" \/>\n<meta property=\"og:site_name\" content=\"Algemene Rekenkamer Curacao\" \/>\n<meta property=\"article:modified_time\" content=\"2024-02-19T13:01:40+00:00\" \/>\n<meta name=\"twitter:card\" content=\"summary_large_image\" \/>\n<meta name=\"twitter:label1\" content=\"Est. reading time\" \/>\n\t<meta name=\"twitter:data1\" content=\"5 minutes\" \/>\n<script type=\"application\/ld+json\" class=\"yoast-schema-graph\">{\"@context\":\"https:\/\/schema.org\",\"@graph\":[{\"@type\":\"WebPage\",\"@id\":\"https:\/\/algemenerekenkamercuracao.cw\/vacatures\/senior-onderzoeker\/\",\"url\":\"https:\/\/algemenerekenkamercuracao.cw\/vacatures\/senior-onderzoeker\/\",\"name\":\"Senior Onderzoeker - Algemene Rekenkamer Curacao\",\"isPartOf\":{\"@id\":\"https:\/\/ark-curacao.mystagingwebsite.com\/pap\/#website\"},\"datePublished\":\"2023-09-07T15:46:09+00:00\",\"dateModified\":\"2024-02-19T13:01:40+00:00\",\"description\":\"De Senior Onderzoeker verricht diverse onderzoeken, ondersteunt de Senior Manager Onderzoek bij het co\u00f6rdineren en het begeleiden van de Onderzoekers op alle niveaus.\",\"breadcrumb\":{\"@id\":\"https:\/\/algemenerekenkamercuracao.cw\/vacatures\/senior-onderzoeker\/#breadcrumb\"},\"inLanguage\":\"PAP\",\"potentialAction\":[{\"@type\":\"ReadAction\",\"target\":[\"https:\/\/algemenerekenkamercuracao.cw\/vacatures\/senior-onderzoeker\/\"]}]},{\"@type\":\"BreadcrumbList\",\"@id\":\"https:\/\/algemenerekenkamercuracao.cw\/vacatures\/senior-onderzoeker\/#breadcrumb\",\"itemListElement\":[{\"@type\":\"ListItem\",\"position\":1,\"name\":\"Home\",\"item\":\"https:\/\/algemenerekenkamercuracao.cw\/\"},{\"@type\":\"ListItem\",\"position\":2,\"name\":\"Vacatures\",\"item\":\"https:\/\/algemenerekenkamercuracao.cw\/vacatures\/\"},{\"@type\":\"ListItem\",\"position\":3,\"name\":\"Senior Onderzoeker\"}]},{\"@type\":\"WebSite\",\"@id\":\"https:\/\/ark-curacao.mystagingwebsite.com\/pap\/#website\",\"url\":\"https:\/\/ark-curacao.mystagingwebsite.com\/pap\/\",\"name\":\"Algemene Rekenkamer Curacao\",\"description\":\"\",\"publisher\":{\"@id\":\"https:\/\/ark-curacao.mystagingwebsite.com\/pap\/#organization\"},\"potentialAction\":[{\"@type\":\"SearchAction\",\"target\":{\"@type\":\"EntryPoint\",\"urlTemplate\":\"https:\/\/ark-curacao.mystagingwebsite.com\/pap\/?s={search_term_string}\"},\"query-input\":{\"@type\":\"PropertyValueSpecification\",\"valueRequired\":true,\"valueName\":\"search_term_string\"}}],\"inLanguage\":\"PAP\"},{\"@type\":\"Organization\",\"@id\":\"https:\/\/ark-curacao.mystagingwebsite.com\/pap\/#organization\",\"name\":\"Algemene Rekenkamer Curacao\",\"url\":\"https:\/\/ark-curacao.mystagingwebsite.com\/pap\/\",\"logo\":{\"@type\":\"ImageObject\",\"inLanguage\":\"PAP\",\"@id\":\"https:\/\/ark-curacao.mystagingwebsite.com\/pap\/#\/schema\/logo\/image\/\",\"url\":\"https:\/\/algemenerekenkamercuracao.cw\/wp-content\/uploads\/2023\/08\/ARC_LOGO_Main.png\",\"contentUrl\":\"https:\/\/algemenerekenkamercuracao.cw\/wp-content\/uploads\/2023\/08\/ARC_LOGO_Main.png\",\"width\":6251,\"height\":2096,\"caption\":\"Algemene Rekenkamer Curacao\"},\"image\":{\"@id\":\"https:\/\/ark-curacao.mystagingwebsite.com\/pap\/#\/schema\/logo\/image\/\"}}]}<\/script>\n<!-- \/ Yoast SEO Premium plugin. -->","yoast_head_json":{"title":"Senior Onderzoeker - Algemene Rekenkamer Curacao","description":"De Senior Onderzoeker verricht diverse onderzoeken, ondersteunt de Senior Manager Onderzoek bij het co\u00f6rdineren en het begeleiden van de Onderzoekers op alle niveaus.","robots":{"index":"index","follow":"follow","max-snippet":"max-snippet:-1","max-image-preview":"max-image-preview:large","max-video-preview":"max-video-preview:-1"},"canonical":"https:\/\/algemenerekenkamercuracao.cw\/pap\/vacatures\/senior-onderzoeker\/","og_locale":"en_US","og_type":"article","og_title":"Senior Onderzoeker","og_description":"De Senior Onderzoeker verricht diverse onderzoeken, ondersteunt de Senior Manager Onderzoek bij het co\u00f6rdineren en het begeleiden van de Onderzoekers op alle niveaus.","og_url":"https:\/\/algemenerekenkamercuracao.cw\/pap\/vacatures\/senior-onderzoeker\/","og_site_name":"Algemene Rekenkamer Curacao","article_modified_time":"2024-02-19T13:01:40+00:00","twitter_card":"summary_large_image","twitter_misc":{"Est. reading time":"5 minutes"},"schema":{"@context":"https:\/\/schema.org","@graph":[{"@type":"WebPage","@id":"https:\/\/algemenerekenkamercuracao.cw\/vacatures\/senior-onderzoeker\/","url":"https:\/\/algemenerekenkamercuracao.cw\/vacatures\/senior-onderzoeker\/","name":"Senior Onderzoeker - Algemene Rekenkamer Curacao","isPartOf":{"@id":"https:\/\/ark-curacao.mystagingwebsite.com\/pap\/#website"},"datePublished":"2023-09-07T15:46:09+00:00","dateModified":"2024-02-19T13:01:40+00:00","description":"De Senior Onderzoeker verricht diverse onderzoeken, ondersteunt de Senior Manager Onderzoek bij het co\u00f6rdineren en het begeleiden van de Onderzoekers op alle niveaus.","breadcrumb":{"@id":"https:\/\/algemenerekenkamercuracao.cw\/vacatures\/senior-onderzoeker\/#breadcrumb"},"inLanguage":"PAP","potentialAction":[{"@type":"ReadAction","target":["https:\/\/algemenerekenkamercuracao.cw\/vacatures\/senior-onderzoeker\/"]}]},{"@type":"BreadcrumbList","@id":"https:\/\/algemenerekenkamercuracao.cw\/vacatures\/senior-onderzoeker\/#breadcrumb","itemListElement":[{"@type":"ListItem","position":1,"name":"Home","item":"https:\/\/algemenerekenkamercuracao.cw\/"},{"@type":"ListItem","position":2,"name":"Vacatures","item":"https:\/\/algemenerekenkamercuracao.cw\/vacatures\/"},{"@type":"ListItem","position":3,"name":"Senior Onderzoeker"}]},{"@type":"WebSite","@id":"https:\/\/ark-curacao.mystagingwebsite.com\/pap\/#website","url":"https:\/\/ark-curacao.mystagingwebsite.com\/pap\/","name":"Algemene Rekenkamer Curacao","description":"","publisher":{"@id":"https:\/\/ark-curacao.mystagingwebsite.com\/pap\/#organization"},"potentialAction":[{"@type":"SearchAction","target":{"@type":"EntryPoint","urlTemplate":"https:\/\/ark-curacao.mystagingwebsite.com\/pap\/?s={search_term_string}"},"query-input":{"@type":"PropertyValueSpecification","valueRequired":true,"valueName":"search_term_string"}}],"inLanguage":"PAP"},{"@type":"Organization","@id":"https:\/\/ark-curacao.mystagingwebsite.com\/pap\/#organization","name":"Algemene Rekenkamer Curacao","url":"https:\/\/ark-curacao.mystagingwebsite.com\/pap\/","logo":{"@type":"ImageObject","inLanguage":"PAP","@id":"https:\/\/ark-curacao.mystagingwebsite.com\/pap\/#\/schema\/logo\/image\/","url":"https:\/\/algemenerekenkamercuracao.cw\/wp-content\/uploads\/2023\/08\/ARC_LOGO_Main.png","contentUrl":"https:\/\/algemenerekenkamercuracao.cw\/wp-content\/uploads\/2023\/08\/ARC_LOGO_Main.png","width":6251,"height":2096,"caption":"Algemene Rekenkamer Curacao"},"image":{"@id":"https:\/\/ark-curacao.mystagingwebsite.com\/pap\/#\/schema\/logo\/image\/"}}]}},"_links":{"self":[{"href":"https:\/\/algemenerekenkamercuracao.cw\/pap\/wp-json\/wp\/v2\/pages\/3422","targetHints":{"allow":["GET"]}}],"collection":[{"href":"https:\/\/algemenerekenkamercuracao.cw\/pap\/wp-json\/wp\/v2\/pages"}],"about":[{"href":"https:\/\/algemenerekenkamercuracao.cw\/pap\/wp-json\/wp\/v2\/types\/page"}],"author":[{"embeddable":true,"href":"https:\/\/algemenerekenkamercuracao.cw\/pap\/wp-json\/wp\/v2\/users\/1"}],"replies":[{"embeddable":true,"href":"https:\/\/algemenerekenkamercuracao.cw\/pap\/wp-json\/wp\/v2\/comments?post=3422"}],"version-history":[{"count":0,"href":"https:\/\/algemenerekenkamercuracao.cw\/pap\/wp-json\/wp\/v2\/pages\/3422\/revisions"}],"up":[{"embeddable":true,"href":"https:\/\/algemenerekenkamercuracao.cw\/pap\/wp-json\/wp\/v2\/pages\/1875"}],"wp:attachment":[{"href":"https:\/\/algemenerekenkamercuracao.cw\/pap\/wp-json\/wp\/v2\/media?parent=3422"}],"curies":[{"name":"wp","href":"https:\/\/api.w.org\/{rel}","templated":true}]}}