{"id":3422,"date":"2023-09-07T15:46:09","date_gmt":"2023-09-07T15:46:09","guid":{"rendered":"https:\/\/algemenerekenkamercuracao.cw\/?page_id=3422"},"modified":"2024-02-19T09:01:40","modified_gmt":"2024-02-19T13:01:40","slug":"senior-onderzoeker","status":"publish","type":"page","link":"https:\/\/algemenerekenkamercuracao.cw\/en\/vacatures\/senior-onderzoeker\/","title":{"rendered":"Senior Onderzoeker"},"content":{"rendered":"<p><section data-bb-version=\"4.6.1\" id=\"bt_bb_section69e8c13b93f12\" class=\"bt_bb_section bt_bb_color_scheme_6 bt_bb_layout_boxed_1200 bt_bb_vertical_align_middle bt_bb_top_spacing_normal bt_bb_bottom_spacing_normal\" style=\"; --section-primary-color:#ffffff; --section-secondary-color:#295a88;;background-color:rgb(128,173,70);\" data-bt-override-class=\"{&quot;bt_bb_top_spacing_&quot;:{&quot;current_class&quot;:&quot;bt_bb_top_spacing_normal&quot;,&quot;def&quot;:&quot;normal&quot;},&quot;bt_bb_bottom_spacing_&quot;:{&quot;current_class&quot;:&quot;bt_bb_bottom_spacing_normal&quot;,&quot;def&quot;:&quot;normal&quot;}}\"><div class=\"bt_bb_port\"><div class=\"bt_bb_cell\"><div class=\"bt_bb_cell_inner\"><div class=\"bt_bb_row\"  data-bt-override-class=\"{}\"><div class=\"bt_bb_row_holder\" ><div data-bb-version=\"4.6.1\"  class=\"bt_bb_column col-xxl-12 col-xl-12 col-xs-12 col-sm-12 col-md-12 col-lg-12 bt_bb_vertical_align_middle bt_bb_align_center bt_bb_padding_normal\" style=\"; --column-width:12;\" data-width=\"12\" data-bt-override-class=\"{&quot;bt_bb_align_&quot;:{&quot;current_class&quot;:&quot;bt_bb_align_center&quot;,&quot;def&quot;:&quot;center&quot;},&quot;bt_bb_padding_&quot;:{&quot;current_class&quot;:&quot;bt_bb_padding_normal&quot;,&quot;def&quot;:&quot;normal&quot;}}\"><div class=\"bt_bb_column_content\"><div class=\"bt_bb_column_content_inner\"><div class=\"bt_bb_separator bt_bb_border_style_none bt_bb_border_color_none bt_bb_bottom_spacing_medium\" data-bt-override-class=\"null\"><\/div><header data-bb-version=\"4.6.1\" class=\"bt_bb_headline bt_bb_dash_none bt_bb_size_huge bt_bb_align_inherit\" data-bt-override-class=\"{&quot;bt_bb_size_&quot;:{&quot;current_class&quot;:&quot;bt_bb_size_huge&quot;,&quot;def&quot;:&quot;huge&quot;},&quot;bt_bb_align_&quot;:{&quot;current_class&quot;:&quot;bt_bb_align_inherit&quot;,&quot;def&quot;:&quot;inherit&quot;}}\"><h1 class=\"bt_bb_headline_tag\"><span class=\"bt_bb_headline_content\"><span>Senior Onderzoeker<\/span><\/span><\/h1><\/header><div data-bb-version=\"4.6.1\" class=\"bt_bb_separator bt_bb_border_style_none bt_bb_border_color_none bt_bb_top_spacing_none bt_bb_bottom_spacing_medium\" data-bt-override-class=\"{&quot;bt_bb_top_spacing_&quot;:{&quot;current_class&quot;:&quot;bt_bb_top_spacing_none&quot;,&quot;def&quot;:&quot;none&quot;},&quot;bt_bb_bottom_spacing_&quot;:{&quot;current_class&quot;:&quot;bt_bb_bottom_spacing_medium&quot;,&quot;def&quot;:&quot;medium&quot;}}\"><\/div><\/div><\/div><\/div><\/div><\/div><\/div><!-- cell_inner --><\/div><!-- cell --><\/div><!-- port --><\/section><section data-bb-version=\"4.6.1\" id=\"bt_bb_section69e8c13b942b4\" class=\"bt_bb_section bt_bb_color_scheme_15 bt_bb_layout_boxed_1200 bt_bb_vertical_align_top bt_bb_top_spacing_large bt_bb_bottom_spacing_medium\" style=\"; --section-primary-color:#3a3a3a; --section-secondary-color:#f7f7f5;\" data-bt-override-class=\"{&quot;bt_bb_top_spacing_&quot;:{&quot;current_class&quot;:&quot;bt_bb_top_spacing_large&quot;,&quot;def&quot;:&quot;large&quot;},&quot;bt_bb_bottom_spacing_&quot;:{&quot;current_class&quot;:&quot;bt_bb_bottom_spacing_medium&quot;,&quot;def&quot;:&quot;medium&quot;}}\"><div class=\"bt_bb_port\"><div class=\"bt_bb_cell\"><div class=\"bt_bb_cell_inner\"><div class=\"bt_bb_row  bt_bb_column_gap_large\"  data-bt-override-class=\"{}\"><div class=\"bt_bb_row_holder\" ><div data-bb-version=\"4.6.1\"  class=\"bt_bb_column col-xxl-6 col-xl-6 bt_bb_vertical_align_top bt_bb_align_left bt_bb_padding_double\" style=\"; --column-width:6;\" data-width=\"6\" data-bt-override-class=\"{&quot;bt_bb_align_&quot;:{&quot;current_class&quot;:&quot;bt_bb_align_left&quot;,&quot;def&quot;:&quot;left&quot;},&quot;bt_bb_padding_&quot;:{&quot;current_class&quot;:&quot;bt_bb_padding_double&quot;,&quot;def&quot;:&quot;double&quot;}}\"><div class=\"bt_bb_column_content\"><div class=\"bt_bb_column_content_inner\"><header data-bb-version=\"4.8.0\" class=\"bt_bb_headline bt_bb_dash_none bt_bb_supertitle_style_accent bt_bb_superheadline bt_bb_subheadline bt_bb_size_large bt_bb_align_inherit\" data-bt-override-class=\"{&quot;bt_bb_size_&quot;:{&quot;current_class&quot;:&quot;bt_bb_size_large&quot;,&quot;def&quot;:&quot;large&quot;},&quot;bt_bb_align_&quot;:{&quot;current_class&quot;:&quot;bt_bb_align_inherit&quot;,&quot;def&quot;:&quot;inherit&quot;}}\"><h2 class=\"bt_bb_headline_tag\"><span class=\"bt_bb_headline_superheadline\">Vacature<\/span><span class=\"bt_bb_headline_content\"><span>Senior Onderzoeker<\/span><\/span><\/h2><div class=\"bt_bb_headline_subheadline\">De Senior Onderzoeker verricht diverse onderzoeken, ondersteunt de Manager Onderzoek bij het co\u00f6rdineren en uitvoeren van onderzoeken en begeleidt onderzoekers op alle niveaus.<\/div><\/header><div data-bb-version=\"4.6.1\" class=\"bt_bb_separator bt_bb_border_style_none bt_bb_border_color_none bt_bb_top_spacing_none bt_bb_bottom_spacing_normal\" data-bt-override-class=\"{&quot;bt_bb_top_spacing_&quot;:{&quot;current_class&quot;:&quot;bt_bb_top_spacing_none&quot;,&quot;def&quot;:&quot;none&quot;},&quot;bt_bb_bottom_spacing_&quot;:{&quot;current_class&quot;:&quot;bt_bb_bottom_spacing_normal&quot;,&quot;def&quot;:&quot;normal&quot;}}\"><\/div><div data-bb-version=\"4.6.1\"  class=\"bt_bb_text\" ><\/p>\n<p><span style=\"font-weight: 400;\">De Algemene Rekenkamer Cura\u00e7ao is een Hoog College van Staat dat haar bestaansrecht vindt in de Staatsregeling van Cura\u00e7ao. De Algemene Rekenkamer Cura\u00e7ao voert vanuit een onafhankelijke positie onderzoek uit naar de rechtmatigheid en doelmatigheid van de inkomsten en uitgaven van het Land Cura\u00e7ao alsmede naar het functioneren en de integriteit van de overheid.<\/span><\/p>\n<p><span style=\"font-weight: 400;\">Bij de Algemene Rekenkamer Cura\u00e7ao werkt een team van professionals dat onder aansturing van de secretaris op verantwoorde en integere wijze bijdraagt aan de realisatie van de organisatiedoelstellingen. De Algemene Rekenkamer Cura\u00e7ao bepaalt zelf de te onderzoeken onderwerpen. De Staten, aan wie de Algemene Rekenkamer Cura\u00e7ao rapporteert, kunnen ook verzoeken voor onderzoek indienen.<\/span><\/p>\n<p><span style=\"font-weight: 400;\">De Algemene Rekenkamer Cura\u00e7ao stimuleert een cultuur waarin alle medewerkers actief deel uitmaken van de organisatie en hun unieke talenten kunnen inzetten. \u201cA human workplace\u201d en een goede work-life harmony zijn ook belangrijke elementen van onze cultuur.\u00a0<\/span><\/p>\n<p><span style=\"font-weight: 400;\">Wij zijn ervan overtuigd dat we met een diversiteit aan perspectieven, achtergronden en kennis een betere organisatie worden. De Algemene Rekenkamer Cura\u00e7ao is op zoek naar energieke mensen met de ambitie om het instituut verder te helpen bij de uitdaging om zich te transformeren tot een modelorganisatie. De standaarden en richtlijnen van de International Organization of Supreme Audit Institutions (INTOSAI) zijn hierbij richtinggevend.<\/span><\/p>\n<h6><strong>Functie-inhoud:<\/strong><\/h6>\n<p>De Senior Onderzoeker verricht onder andere de volgende werkzaamheden:<\/p>\n<ul>\n<li>Volgt externe ontwikkelingen en meldt bijzonderheden van belang voor het werk van de Algemene Rekenkamer Cura\u00e7ao aan de Manager Onderzoek en de sectorleider.<\/li>\n<li>Stelt onderzoeksplannen voor jaarrekeningonderzoeken op, voert jaarrekeningcontroles uit en rapporteert de bevindingen.<\/li>\n<li>Bereidt rechtmatigheids- en doelmatigheidsonderzoeken voor, stelt onderzoeksvoorstellen en werkprogramma\u2019s op en voert deze uit.<\/li>\n<li>Bereidt onder begeleiding overige complexe onderzoeken voor, voert deze uit en stelt complexe onderzoeksrapporten op.<\/li>\n<li>Stelt onder begeleiding onderzoeksplannen op ten behoeve van integriteitsonderzoeken, voert integriteitsonderzoeken uit en stelt conceptrapporten op.<\/li>\n<li>Voert voortgangsbesprekingen met de Manager Onderzoek en de sectorleider over diverse onderzoeken.<\/li>\n<li>Neemt actief deel aan interne en externe werk- en projectgroepen.<\/li>\n<\/ul>\n<h6><strong>Kerncompetenties:<\/strong><\/h6>\n<ul>\n<li>Klantgericht (interne en externe klanten).<\/li>\n<li>Professioneel, verantwoordelijk, zorgvuldig en strevend naar kwaliteit.<\/li>\n<li>Samenwerkingsgericht en teamgericht.<\/li>\n<li>Kritisch kunnen denken, objectief en resultaatgericht.<\/li>\n<li>Integer, transparant en gaat zorgvuldig om met vertrouwelijke informatie.<\/li>\n<li>Voorbeeldgedrag tonen.<\/li>\n<li>Effectief omgaan met belanghebbenden.<\/li>\n<\/ul>\n<h6><strong>Functie-eisen:<\/strong><\/h6>\n<ul>\n<li>Wo-opleiding Register Accountant met 3 jaar relevante ervaring.<\/li>\n<li>Certified Public Accountant met 3 jaar relevante werkervaring.<\/li>\n<li>Relevante wo-opleiding met 3 jaar relevante werkervaring.<\/li>\n<li>Postdoctorale opleiding met 3 jaar relevante werkervaring.<\/li>\n<\/ul>\n<p>\n<\/div><\/div><\/div><\/div><div data-bb-version=\"4.6.1\"  class=\"bt_bb_column col-xxl-6 col-xl-6 bt_bb_vertical_align_top bt_bb_align_left bt_bb_padding_normal\" style=\"; --column-width:6;\" data-width=\"6\" data-bt-override-class=\"{&quot;bt_bb_align_&quot;:{&quot;current_class&quot;:&quot;bt_bb_align_left&quot;,&quot;def&quot;:&quot;left&quot;},&quot;bt_bb_padding_&quot;:{&quot;current_class&quot;:&quot;bt_bb_padding_normal&quot;,&quot;def&quot;:&quot;normal&quot;}}\"><div class=\"bt_bb_column_content\"><div class=\"bt_bb_column_content_inner\"><div data-bb-version=\"4.6.1\" class=\"bt_bb_accordion bt_bb_style_filled bt_bb_shape_square\" data-closed=\"closed\"><div class=\"bt_bb_accordion_item\"><div class=\"bt_bb_accordion_item_top\"><div class=\"bt_bb_accordion_item_title\">Sollicitatie Criteria<\/div><\/div><div class=\"bt_bb_accordion_item_content\"><div data-bb-version=\"4.6.1\"  class=\"bt_bb_text\" >\n<h6 class=\"head\"><strong>Voor bovengenoemde functie geldt dat de sollicitant voldoet aan de volgende criteria:<\/strong><\/h6>\n<div class=\"body\">\n<ul>\n<li>Inzicht in de bestuurlijke en maatschappelijke context;<\/li>\n<li>Kennis op het gebied van politicologie en bestuurskunde;<\/li>\n<li>Inzicht in de organisatie van het openbaar bestuur (inrichting, werking en actuele ontwikkelingen) en kennis van overheidsfinanci\u00ebn;<\/li>\n<li>Affiniteit met IT en data analytics;<\/li>\n<li>Uitstekende mondelinge en schriftelijke uitdrukkingsvaardigheid in het Nederlands.<\/li>\n<li>Uitstekende mondelinge uitdrukkingsvaardigheid in het Papiaments. Schriftelijke uitdrukkingsvaardigheid in het Papiaments is een pre;<\/li>\n<li>Vaardig in het schrijven van rapporten;<\/li>\n<li>Vaardigheid in MS offices applicaties.<\/li>\n<li>Beheersen Spaanse taal is een pre.<\/li>\n<\/ul>\n<p>Daarnaast dienen de belangstellenden verantwoordelijk, integer, stressbestendig, accuraat, representatief en proactief te zijn. Gespecialiseerde of brede theoretische kennis van het vakgebied is een must.<\/p>\n<h6><strong>Arbeidsvoorwaarden en informatie<\/strong><\/h6>\n<ul>\n<li>Salaris is afhankelijk van opleiding en ervaring;<\/li>\n<li>Opname in het Algemeen Pensioenfonds Cura\u00e7ao;<\/li>\n<li>Basisverzekering ziektekosten plus;<\/li>\n<li>Overige secundaire arbeidsvoorwaarden conform het Personeelsreglement van de Algemene Rekenkamer Cura\u00e7ao.<\/li>\n<\/ul>\n<p>Indien u meer informatie over \u00e9\u00e9n van de vacatures wenst, kunt u contact opnemen met de Human Capital Manager op telefoonnummer: <strong>(+599 9) 461 1080, doorkiesnummer: 138<\/strong>.<\/p>\n<p>Bent u een geschikte kandidaat? Dan nodigen wij u uit om uw sollicitatie te voorzien van een motivatiebrief en curriculum vitae en te mailen naar: <a href=\"mailto:vacature@arc.cw\">vacature@arc.cw<\/a><br \/>\nEen medische keuring, een antecedentenonderzoek en een assessment maken deel uit van de selectieprocedure.<\/p>\n<\/div>\n<\/div>\n<\/div><\/div><\/div><div data-bb-version=\"4.6.1\" class=\"bt_bb_separator bt_bb_border_style_none bt_bb_border_color_none bt_bb_top_spacing_normal bt_bb_bottom_spacing_normal\" data-bt-override-class=\"{&quot;bt_bb_top_spacing_&quot;:{&quot;current_class&quot;:&quot;bt_bb_top_spacing_normal&quot;,&quot;def&quot;:&quot;normal&quot;},&quot;bt_bb_bottom_spacing_&quot;:{&quot;current_class&quot;:&quot;bt_bb_bottom_spacing_normal&quot;,&quot;def&quot;:&quot;normal&quot;}}\"><\/div><header data-bb-version=\"4.6.1\" class=\"bt_bb_headline bt_bb_font_weight_semi-bold bt_bb_dash_none bt_bb_size_small bt_bb_align_inherit\" data-bt-override-class=\"{&quot;bt_bb_size_&quot;:{&quot;current_class&quot;:&quot;bt_bb_size_small&quot;,&quot;def&quot;:&quot;small&quot;},&quot;bt_bb_align_&quot;:{&quot;current_class&quot;:&quot;bt_bb_align_inherit&quot;,&quot;def&quot;:&quot;inherit&quot;}}\"><h3 class=\"bt_bb_headline_tag\"><span class=\"bt_bb_headline_content\"><span>Solliciteer per Direct<\/span><\/span><\/h3><\/header><div class=\"bt_bb_separator bt_bb_border_style_none bt_bb_border_color_none bt_bb_bottom_spacing_small\" data-bt-override-class=\"null\"><\/div><div data-bb-version=\"4.6.1\" class=\"bt_bb_button bt_bb_color_scheme_4 bt_bb_icon_position_left bt_bb_style_outline bt_bb_size_large bt_bb_width_inline bt_bb_shape_inherit bt_bb_target_blank bt_bb_text_transform_inherit bt_bb_align_inherit btWithIcon\" style=\"; --primary-color:#295a88; --secondary-color:#ffffff;\" data-bt-override-class=\"{&quot;bt_bb_size_&quot;:{&quot;current_class&quot;:&quot;bt_bb_size_large&quot;,&quot;def&quot;:&quot;large&quot;},&quot;bt_bb_align_&quot;:{&quot;current_class&quot;:&quot;bt_bb_align_inherit&quot;,&quot;def&quot;:&quot;inherit&quot;}}\"><a href=\"https:\/\/77469.outsitetijdelijk.afas.online\/\" target=\"_blank\" class=\"bt_bb_link\" title=\"Solliciteer Direct\"><span class=\"bt_bb_button_text\" >Solliciteer Direct<\/span><span  data-ico-fontawesome=\"&#xf105;\" class=\"bt_bb_icon_holder\"><\/span><\/a><\/div><\/div><\/div><\/div><\/div><\/div><\/div><!-- cell_inner --><\/div><!-- cell --><\/div><!-- port --><\/section><\/p>","protected":false},"excerpt":{"rendered":"","protected":false},"author":1,"featured_media":0,"parent":1875,"menu_order":0,"comment_status":"closed","ping_status":"closed","template":"","meta":{"footnotes":""},"class_list":["post-3422","page","type-page","status-publish","hentry"],"yoast_head":"<!-- This site is optimized with the Yoast SEO Premium plugin v21.6 (Yoast SEO v24.1) - https:\/\/yoast.com\/wordpress\/plugins\/seo\/ -->\n<title>Senior Onderzoeker - Algemene Rekenkamer Curacao<\/title>\n<meta name=\"description\" content=\"De Senior Onderzoeker verricht diverse onderzoeken, ondersteunt de Senior Manager Onderzoek bij het co\u00f6rdineren en het begeleiden van de Onderzoekers op alle niveaus.\" \/>\n<meta name=\"robots\" content=\"index, follow, max-snippet:-1, max-image-preview:large, max-video-preview:-1\" \/>\n<link rel=\"canonical\" href=\"https:\/\/algemenerekenkamercuracao.cw\/en\/vacatures\/senior-onderzoeker\/\" \/>\n<meta property=\"og:locale\" content=\"en_US\" \/>\n<meta property=\"og:type\" content=\"article\" \/>\n<meta property=\"og:title\" content=\"Senior Onderzoeker\" \/>\n<meta property=\"og:description\" content=\"De Senior Onderzoeker verricht diverse onderzoeken, ondersteunt de Senior Manager Onderzoek bij het co\u00f6rdineren en het begeleiden van de Onderzoekers op alle niveaus.\" \/>\n<meta property=\"og:url\" content=\"https:\/\/algemenerekenkamercuracao.cw\/en\/vacatures\/senior-onderzoeker\/\" \/>\n<meta property=\"og:site_name\" content=\"Algemene Rekenkamer Curacao\" \/>\n<meta property=\"article:modified_time\" content=\"2024-02-19T13:01:40+00:00\" \/>\n<meta name=\"twitter:card\" content=\"summary_large_image\" \/>\n<meta name=\"twitter:label1\" content=\"Est. reading time\" \/>\n\t<meta name=\"twitter:data1\" content=\"5 minutes\" \/>\n<script type=\"application\/ld+json\" class=\"yoast-schema-graph\">{\"@context\":\"https:\/\/schema.org\",\"@graph\":[{\"@type\":\"WebPage\",\"@id\":\"https:\/\/algemenerekenkamercuracao.cw\/vacatures\/senior-onderzoeker\/\",\"url\":\"https:\/\/algemenerekenkamercuracao.cw\/vacatures\/senior-onderzoeker\/\",\"name\":\"Senior Onderzoeker - Algemene Rekenkamer Curacao\",\"isPartOf\":{\"@id\":\"https:\/\/ark-curacao.mystagingwebsite.com\/pap\/#website\"},\"datePublished\":\"2023-09-07T15:46:09+00:00\",\"dateModified\":\"2024-02-19T13:01:40+00:00\",\"description\":\"De Senior Onderzoeker verricht diverse onderzoeken, ondersteunt de Senior Manager Onderzoek bij het co\u00f6rdineren en het begeleiden van de Onderzoekers op alle niveaus.\",\"breadcrumb\":{\"@id\":\"https:\/\/algemenerekenkamercuracao.cw\/vacatures\/senior-onderzoeker\/#breadcrumb\"},\"inLanguage\":\"en-US\",\"potentialAction\":[{\"@type\":\"ReadAction\",\"target\":[\"https:\/\/algemenerekenkamercuracao.cw\/vacatures\/senior-onderzoeker\/\"]}]},{\"@type\":\"BreadcrumbList\",\"@id\":\"https:\/\/algemenerekenkamercuracao.cw\/vacatures\/senior-onderzoeker\/#breadcrumb\",\"itemListElement\":[{\"@type\":\"ListItem\",\"position\":1,\"name\":\"Home\",\"item\":\"https:\/\/algemenerekenkamercuracao.cw\/\"},{\"@type\":\"ListItem\",\"position\":2,\"name\":\"Vacatures\",\"item\":\"https:\/\/algemenerekenkamercuracao.cw\/vacatures\/\"},{\"@type\":\"ListItem\",\"position\":3,\"name\":\"Senior Onderzoeker\"}]},{\"@type\":\"WebSite\",\"@id\":\"https:\/\/ark-curacao.mystagingwebsite.com\/pap\/#website\",\"url\":\"https:\/\/ark-curacao.mystagingwebsite.com\/pap\/\",\"name\":\"Algemene Rekenkamer Curacao\",\"description\":\"\",\"publisher\":{\"@id\":\"https:\/\/ark-curacao.mystagingwebsite.com\/pap\/#organization\"},\"potentialAction\":[{\"@type\":\"SearchAction\",\"target\":{\"@type\":\"EntryPoint\",\"urlTemplate\":\"https:\/\/ark-curacao.mystagingwebsite.com\/pap\/?s={search_term_string}\"},\"query-input\":{\"@type\":\"PropertyValueSpecification\",\"valueRequired\":true,\"valueName\":\"search_term_string\"}}],\"inLanguage\":\"en-US\"},{\"@type\":\"Organization\",\"@id\":\"https:\/\/ark-curacao.mystagingwebsite.com\/pap\/#organization\",\"name\":\"Algemene Rekenkamer Curacao\",\"url\":\"https:\/\/ark-curacao.mystagingwebsite.com\/pap\/\",\"logo\":{\"@type\":\"ImageObject\",\"inLanguage\":\"en-US\",\"@id\":\"https:\/\/ark-curacao.mystagingwebsite.com\/pap\/#\/schema\/logo\/image\/\",\"url\":\"https:\/\/algemenerekenkamercuracao.cw\/wp-content\/uploads\/2023\/08\/ARC_LOGO_Main.png\",\"contentUrl\":\"https:\/\/algemenerekenkamercuracao.cw\/wp-content\/uploads\/2023\/08\/ARC_LOGO_Main.png\",\"width\":6251,\"height\":2096,\"caption\":\"Algemene Rekenkamer Curacao\"},\"image\":{\"@id\":\"https:\/\/ark-curacao.mystagingwebsite.com\/pap\/#\/schema\/logo\/image\/\"}}]}<\/script>\n<!-- \/ Yoast SEO Premium plugin. -->","yoast_head_json":{"title":"Senior Onderzoeker - Algemene Rekenkamer Curacao","description":"De Senior Onderzoeker verricht diverse onderzoeken, ondersteunt de Senior Manager Onderzoek bij het co\u00f6rdineren en het begeleiden van de Onderzoekers op alle niveaus.","robots":{"index":"index","follow":"follow","max-snippet":"max-snippet:-1","max-image-preview":"max-image-preview:large","max-video-preview":"max-video-preview:-1"},"canonical":"https:\/\/algemenerekenkamercuracao.cw\/en\/vacatures\/senior-onderzoeker\/","og_locale":"en_US","og_type":"article","og_title":"Senior Onderzoeker","og_description":"De Senior Onderzoeker verricht diverse onderzoeken, ondersteunt de Senior Manager Onderzoek bij het co\u00f6rdineren en het begeleiden van de Onderzoekers op alle niveaus.","og_url":"https:\/\/algemenerekenkamercuracao.cw\/en\/vacatures\/senior-onderzoeker\/","og_site_name":"Algemene Rekenkamer Curacao","article_modified_time":"2024-02-19T13:01:40+00:00","twitter_card":"summary_large_image","twitter_misc":{"Est. reading time":"5 minutes"},"schema":{"@context":"https:\/\/schema.org","@graph":[{"@type":"WebPage","@id":"https:\/\/algemenerekenkamercuracao.cw\/vacatures\/senior-onderzoeker\/","url":"https:\/\/algemenerekenkamercuracao.cw\/vacatures\/senior-onderzoeker\/","name":"Senior Onderzoeker - Algemene Rekenkamer Curacao","isPartOf":{"@id":"https:\/\/ark-curacao.mystagingwebsite.com\/pap\/#website"},"datePublished":"2023-09-07T15:46:09+00:00","dateModified":"2024-02-19T13:01:40+00:00","description":"De Senior Onderzoeker verricht diverse onderzoeken, ondersteunt de Senior Manager Onderzoek bij het co\u00f6rdineren en het begeleiden van de Onderzoekers op alle niveaus.","breadcrumb":{"@id":"https:\/\/algemenerekenkamercuracao.cw\/vacatures\/senior-onderzoeker\/#breadcrumb"},"inLanguage":"en-US","potentialAction":[{"@type":"ReadAction","target":["https:\/\/algemenerekenkamercuracao.cw\/vacatures\/senior-onderzoeker\/"]}]},{"@type":"BreadcrumbList","@id":"https:\/\/algemenerekenkamercuracao.cw\/vacatures\/senior-onderzoeker\/#breadcrumb","itemListElement":[{"@type":"ListItem","position":1,"name":"Home","item":"https:\/\/algemenerekenkamercuracao.cw\/"},{"@type":"ListItem","position":2,"name":"Vacatures","item":"https:\/\/algemenerekenkamercuracao.cw\/vacatures\/"},{"@type":"ListItem","position":3,"name":"Senior Onderzoeker"}]},{"@type":"WebSite","@id":"https:\/\/ark-curacao.mystagingwebsite.com\/pap\/#website","url":"https:\/\/ark-curacao.mystagingwebsite.com\/pap\/","name":"Algemene Rekenkamer Curacao","description":"","publisher":{"@id":"https:\/\/ark-curacao.mystagingwebsite.com\/pap\/#organization"},"potentialAction":[{"@type":"SearchAction","target":{"@type":"EntryPoint","urlTemplate":"https:\/\/ark-curacao.mystagingwebsite.com\/pap\/?s={search_term_string}"},"query-input":{"@type":"PropertyValueSpecification","valueRequired":true,"valueName":"search_term_string"}}],"inLanguage":"en-US"},{"@type":"Organization","@id":"https:\/\/ark-curacao.mystagingwebsite.com\/pap\/#organization","name":"Algemene Rekenkamer Curacao","url":"https:\/\/ark-curacao.mystagingwebsite.com\/pap\/","logo":{"@type":"ImageObject","inLanguage":"en-US","@id":"https:\/\/ark-curacao.mystagingwebsite.com\/pap\/#\/schema\/logo\/image\/","url":"https:\/\/algemenerekenkamercuracao.cw\/wp-content\/uploads\/2023\/08\/ARC_LOGO_Main.png","contentUrl":"https:\/\/algemenerekenkamercuracao.cw\/wp-content\/uploads\/2023\/08\/ARC_LOGO_Main.png","width":6251,"height":2096,"caption":"Algemene Rekenkamer Curacao"},"image":{"@id":"https:\/\/ark-curacao.mystagingwebsite.com\/pap\/#\/schema\/logo\/image\/"}}]}},"_links":{"self":[{"href":"https:\/\/algemenerekenkamercuracao.cw\/en\/wp-json\/wp\/v2\/pages\/3422","targetHints":{"allow":["GET"]}}],"collection":[{"href":"https:\/\/algemenerekenkamercuracao.cw\/en\/wp-json\/wp\/v2\/pages"}],"about":[{"href":"https:\/\/algemenerekenkamercuracao.cw\/en\/wp-json\/wp\/v2\/types\/page"}],"author":[{"embeddable":true,"href":"https:\/\/algemenerekenkamercuracao.cw\/en\/wp-json\/wp\/v2\/users\/1"}],"replies":[{"embeddable":true,"href":"https:\/\/algemenerekenkamercuracao.cw\/en\/wp-json\/wp\/v2\/comments?post=3422"}],"version-history":[{"count":0,"href":"https:\/\/algemenerekenkamercuracao.cw\/en\/wp-json\/wp\/v2\/pages\/3422\/revisions"}],"up":[{"embeddable":true,"href":"https:\/\/algemenerekenkamercuracao.cw\/en\/wp-json\/wp\/v2\/pages\/1875"}],"wp:attachment":[{"href":"https:\/\/algemenerekenkamercuracao.cw\/en\/wp-json\/wp\/v2\/media?parent=3422"}],"curies":[{"name":"wp","href":"https:\/\/api.w.org\/{rel}","templated":true}]}}